{"id":2063,"date":"2024-12-17T23:03:10","date_gmt":"2024-12-17T22:03:10","guid":{"rendered":"https:\/\/manufaktura8.pl\/ingenieurdienstleistungen\/"},"modified":"2026-02-26T17:13:57","modified_gmt":"2026-02-26T16:13:57","slug":"ingenieurdienstleistungen","status":"publish","type":"page","link":"https:\/\/manufaktura8.pl\/de\/ingenieurdienstleistungen\/","title":{"rendered":"Ingenieurdienstleistungen"},"content":{"rendered":"<p>[et_pb_section fb_built=&#8220;1&#8243; fullwidth=&#8220;on&#8220; admin_label=&#8220;Hero&#8220; _builder_version=&#8220;4.14.1&#8243; background_image=&#8220;https:\/\/manufaktura8.pl\/wp-content\/uploads\/2024\/12\/Web_coloured_medium_reflactive_background_4-1.jpg&#8220; custom_padding=&#8220;0px|0|0px|0px|false|false&#8220; da_disable_devices=&#8220;off|off|off&#8220; global_colors_info=&#8220;{}&#8220; da_is_popup=&#8220;off&#8220; da_exit_intent=&#8220;off&#8220; da_has_close=&#8220;on&#8220; da_alt_close=&#8220;off&#8220; da_dark_close=&#8220;off&#8220; da_not_modal=&#8220;on&#8220; da_is_singular=&#8220;off&#8220; da_with_loader=&#8220;off&#8220; da_has_shadow=&#8220;on&#8220;][et_pb_fullwidth_header title=&#8220;Ingenieurdienstleistungen&#8220; subhead=&#8220;Wir gestalten eine Realit\u00e4t, von der andere nur tr\u00e4umen k\u00f6nnen.&#8220; text_orientation=&#8220;center&#8220; admin_label=&#8220;Fullwidth Header&#8220; module_id=&#8220;Top-Us\u0142ugi&#8220; _builder_version=&#8220;4.14.1&#8243; title_font=&#8220;Roboto|700|||||||&#8220; title_text_align=&#8220;center&#8220; title_font_size=&#8220;55px&#8220; title_line_height=&#8220;1.2em&#8220; content_font=&#8220;Open Sans||||||||&#8220; content_text_align=&#8220;center&#8220; content_font_size=&#8220;18px&#8220; content_line_height=&#8220;1.8em&#8220; subhead_font=&#8220;Roboto|300|||||||&#8220; subhead_font_size=&#8220;22px&#8220; background_enable_color=&#8220;off&#8220; background_color_gradient_start=&#8220;rgba(2,48,71,0.9)&#8220; background_color_gradient_end=&#8220;rgba(2,48,71,0.8)&#8220; background_color_gradient_direction=&#8220;140deg&#8220; background_image=&#8220;https:\/\/manufaktura8.pl\/wp-content\/uploads\/2024\/12\/Web_coloured_background_2-1.jpg&#8220; custom_margin=&#8220;|||&#8220; custom_padding=&#8220;10vw||10vw||true&#8220; custom_padding_tablet=&#8220;100px||100px||true&#8220; custom_padding_phone=&#8220;|||&#8220; custom_padding_last_edited=&#8220;on|desktop&#8220; title_font_size_tablet=&#8220;60px&#8220; title_font_size_phone=&#8220;36px&#8220; title_font_size_last_edited=&#8220;on|phone&#8220; content_font_size_tablet=&#8220;&#8220; content_font_size_phone=&#8220;16px&#8220; content_font_size_last_edited=&#8220;on|phone&#8220; button_one_text_size_tablet=&#8220;&#8220; button_one_text_size_phone=&#8220;&#8220; button_one_text_size_last_edited=&#8220;on|desktop&#8220; button_one_border_color_hover=&#8220;#ff8a3d&#8220; button_one_border_radius_hover=&#8220;100px&#8220; button_one_letter_spacing_hover=&#8220;5px&#8220; button_one_bg_color_hover=&#8220;#ff8a3d&#8220; global_colors_info=&#8220;{}&#8220; button_one_text_size__hover_enabled=&#8220;off&#8220; button_two_text_size__hover_enabled=&#8220;off&#8220; button_one_text_color__hover_enabled=&#8220;off&#8220; button_two_text_color__hover_enabled=&#8220;off&#8220; button_one_border_width__hover_enabled=&#8220;off&#8220; button_two_border_width__hover_enabled=&#8220;off&#8220; button_one_border_color__hover_enabled=&#8220;on&#8220; button_one_border_color__hover=&#8220;#ff8a3d&#8220; button_two_border_color__hover_enabled=&#8220;off&#8220; button_one_border_radius__hover_enabled=&#8220;on&#8220; button_one_border_radius__hover=&#8220;100px&#8220; button_two_border_radius__hover_enabled=&#8220;off&#8220; button_one_letter_spacing__hover_enabled=&#8220;on&#8220; button_one_letter_spacing__hover=&#8220;5px&#8220; button_two_letter_spacing__hover_enabled=&#8220;off&#8220; button_one_bg_color__hover_enabled=&#8220;on&#8220; button_one_bg_color__hover=&#8220;#ff8a3d&#8220; button_two_bg_color__hover_enabled=&#8220;off&#8220;][\/et_pb_fullwidth_header][\/et_pb_section][et_pb_section fb_built=&#8220;1&#8243; admin_label=&#8220;Service Type&#8220; _builder_version=&#8220;3.22&#8243; da_disable_devices=&#8220;off|off|off&#8220; global_colors_info=&#8220;{}&#8220; da_is_popup=&#8220;off&#8220; da_exit_intent=&#8220;off&#8220; da_has_close=&#8220;on&#8220; da_alt_close=&#8220;off&#8220; da_dark_close=&#8220;off&#8220; da_not_modal=&#8220;on&#8220; da_is_singular=&#8220;off&#8220; da_with_loader=&#8220;off&#8220; da_has_shadow=&#8220;on&#8220;][et_pb_row column_structure=&#8220;1_2,1_2&#8243; _builder_version=&#8220;3.25&#8243; locked=&#8220;off&#8220; global_colors_info=&#8220;{}&#8220;][et_pb_column type=&#8220;1_2&#8243; _builder_version=&#8220;3.25&#8243; custom_padding=&#8220;|||&#8220; global_colors_info=&#8220;{}&#8220; custom_padding__hover=&#8220;|||&#8220;][et_pb_text module_id=&#8220;Entwurf&#8220; _builder_version=&#8220;4.14.1&#8243; text_font=&#8220;Open Sans||||||||&#8220; text_font_size=&#8220;16px&#8220; text_line_height=&#8220;1.8em&#8220; header_font=&#8220;|700|||||||&#8220; header_2_font=&#8220;||||||||&#8220; header_3_font=&#8220;|700|||||||&#8220; header_3_font_size=&#8220;30px&#8220; header_3_line_height=&#8220;2em&#8220; custom_margin=&#8220;50px||||false|false&#8220; hover_enabled=&#8220;0&#8243; locked=&#8220;off&#8220; global_colors_info=&#8220;{}&#8220; sticky_enabled=&#8220;0&#8243;]<\/p>\n<h3>3D-Design und 3D-Scannen<\/h3>\n<p>Wir unterst\u00fctzen Unternehmen in jeder Phase der Umsetzung von 3D-Projekten \u2013 vom ersten Entwurf oder dem Scannen des gelieferten Elements bis hin zur endg\u00fcltigen, druckfertigen Version. Wir scannen mit hochwertigen 3D-Scannern: <strong>Keyence<\/strong> <strong>VL-700 CMM<\/strong>, <strong>Artec Leo<\/strong> und <strong>Artec Spider<\/strong>.<\/p>\n<p>Unser Leistungsspektrum umfasst:<strong><\/strong><\/p>\n<p><strong><\/strong><\/p>\n<ul>\n<li>Modellierung von Grund auf<\/li>\n<li>3D-Scannen und Reverse Engineering<\/li>\n<li>Anpassung von Projekten an die MJF-Drucktechnologie<\/li>\n<\/ul>\n<p>[\/et_pb_text][et_pb_toggle title=&#8220;Schritt 1: Beratung&#8220; _builder_version=&#8220;4.14.1&#8243; title_font=&#8220;||||||||&#8220; background_color=&#8220;#f1f1f1&#8243; custom_margin=&#8220;||8px|&#8220; custom_padding=&#8220;16px||16px||true&#8220; border_width_all=&#8220;0px&#8220; global_colors_info=&#8220;{}&#8220;]<\/p>\n<p>Nach einem kurzen Treffen werden wir Ihre Bed\u00fcrfnisse sowie die Anforderungen und Funktionen der Produkte kennenlernen.<br \/>Wir respektieren Ihre Zeit, daher passen wir die Form des Treffens an Ihre M\u00f6glichkeiten an \u2013 Online-Meeting, Telefonat oder Treffen in unserem B\u00fcro.<\/p>\n<p>[\/et_pb_toggle][et_pb_toggle title=&#8220;Schritt 2: Entwurf &#038; Prototypenentwicklung&#8220; _builder_version=&#8220;4.14.1&#8243; title_font=&#8220;||||||||&#8220; background_color=&#8220;#f1f1f1&#8243; custom_margin=&#8220;||8px|&#8220; custom_padding=&#8220;16px||16px||true&#8220; border_width_all=&#8220;0px&#8220; global_colors_info=&#8220;{}&#8220;]<\/p>\n<p>Wir erstellen ein 3D-Modell, auf dessen Grundlage ein Prototyp angefertigt wird. Je nach Bedarf und Projektvorgaben k\u00f6nnen wir diesen in MJF-, FDM- oder SLA-Technologie herstellen. <\/p>\n<p>[\/et_pb_toggle][et_pb_toggle title=&#8220;Schritt 3: Produktion&#8220; _builder_version=&#8220;4.14.1&#8243; title_font=&#8220;||||||||&#8220; background_color=&#8220;#f1f1f1&#8243; custom_margin=&#8220;||8px|&#8220; custom_padding=&#8220;16px||16px||true&#8220; border_width_all=&#8220;0px&#8220; global_colors_info=&#8220;{}&#8220;]<\/p>\n<p>Nach der Annahme des Prototyps k\u00f6nnen wir mit der Massenproduktion unter Verwendung der ausgew\u00e4hlten 3D-Technologie beginnen.<br \/>Im Falle von m\u00f6glichen \u00c4nderungen am Entwurf k\u00f6nnen die nachfolgenden Serien ohne zus\u00e4tzliche Kosten beliebig ge\u00e4ndert werden, was bei der Spritzgusstechnologie nicht m\u00f6glich w\u00e4re.<\/p>\n<p>[\/et_pb_toggle][\/et_pb_column][et_pb_column type=&#8220;1_2&#8243; _builder_version=&#8220;3.25&#8243; custom_padding=&#8220;|||&#8220; global_colors_info=&#8220;{}&#8220; custom_padding__hover=&#8220;|||&#8220;][et_pb_image src=&#8220;https:\/\/manufaktura8.pl\/wp-content\/uploads\/2025\/01\/keyence-vl770-skaner.png&#8220; alt=&#8220;\u00dcberpr\u00fcfung der Abmessungen von Objekten mit CMM-Technologie in Breslau&#8220; title_text=&#8220;Keyence VL770 Scanner&#8220; align_tablet=&#8220;center&#8220; align_phone=&#8220;center&#8220; align_last_edited=&#8220;on|desktop&#8220; _builder_version=&#8220;4.14.1&#8243; custom_margin=&#8220;0px||||false|false&#8220; locked=&#8220;off&#8220; global_colors_info=&#8220;{}&#8220;][\/et_pb_image][\/et_pb_column][\/et_pb_row][et_pb_row column_structure=&#8220;1_2,1_2&#8243; _builder_version=&#8220;3.25&#8243; global_colors_info=&#8220;{}&#8220;][et_pb_column type=&#8220;1_2&#8243; _builder_version=&#8220;3.25&#8243; custom_padding=&#8220;|||&#8220; global_colors_info=&#8220;{}&#8220; custom_padding__hover=&#8220;|||&#8220;][et_pb_image src=&#8220;https:\/\/manufaktura8.pl\/wp-content\/uploads\/2024\/12\/IMG_0187-scaled.jpg&#8220; alt=&#8220;Mentoring&#8220; title_text=&#8220;IMG_0187&#8243; align_tablet=&#8220;center&#8220; align_phone=&#8220;center&#8220; align_last_edited=&#8220;on|desktop&#8220; _builder_version=&#8220;4.14.1&#8243; custom_margin=&#8220;10px||||false|false&#8220; global_colors_info=&#8220;{}&#8220;][\/et_pb_image][\/et_pb_column][et_pb_column type=&#8220;1_2&#8243; _builder_version=&#8220;3.25&#8243; custom_padding=&#8220;|||&#8220; global_colors_info=&#8220;{}&#8220; custom_padding__hover=&#8220;|||&#8220;][et_pb_text module_id=&#8220;Prototyp&#8220; _builder_version=&#8220;4.14.1&#8243; text_font=&#8220;Open Sans||||||||&#8220; text_font_size=&#8220;16px&#8220; text_line_height=&#8220;1.8em&#8220; header_font=&#8220;||||||||&#8220; header_2_font=&#8220;||||||||&#8220; header_3_font=&#8220;|700|||||||&#8220; header_3_font_size=&#8220;30px&#8220; header_3_line_height=&#8220;2em&#8220; custom_margin=&#8220;50px||||false|false&#8220; global_colors_info=&#8220;{}&#8220;]<\/p>\n<h3>Prototyping<\/h3>\n<p>Wir bieten pr\u00e4zise gefertigte, voll funktionsf\u00e4hige Prototypen, die den Prozess der Markteinf\u00fchrung neuer Produkte vereinfachen und beschleunigen. <\/p>\n<ul>\n<li>Prototypen in Endproduktqualit\u00e4t<\/li>\n<li>Auftragsabwicklung innerhalb von 3-5 Werktagen<\/li>\n<li>Beliebige Ausstattungsoptionen, die auf Ihre Bed\u00fcrfnisse zugeschnitten sind<\/li>\n<\/ul>\n<p>[\/et_pb_text][et_pb_toggle title=&#8220;Schritt 1: Online-Bewertung innerhalb einer Stunde&#8220; _builder_version=&#8220;4.14.1&#8243; title_font=&#8220;||||||||&#8220; background_enable_color=&#8220;off&#8220; custom_margin=&#8220;||8px|&#8220; custom_padding=&#8220;16px||16px||true&#8220; border_width_all=&#8220;0px&#8220; locked=&#8220;off&#8220; global_colors_info=&#8220;{}&#8220;]<\/p>\n<p>Lassen Sie uns \u00fcber Ihre Erwartungen sprechen.<br \/>Senden Sie uns Ihren Entwurf, vorzugsweise im STL- oder STP-Format.<\/p>\n<p>[\/et_pb_toggle][et_pb_toggle title=&#8220;Schritt 2: Auswahl der Oberfl\u00e4che &#8220; _builder_version=&#8220;4.14.1&#8243; title_font=&#8220;||||||||&#8220; background_color=&#8220;#f1f1f1&#8243; custom_margin=&#8220;||8px|&#8220; custom_padding=&#8220;16px||16px||true&#8220; border_width_all=&#8220;0px&#8220; locked=&#8220;off&#8220; global_colors_info=&#8220;{}&#8220;]<\/p>\n<p>Lassen Sie uns festlegen, welchen Effekt Sie erwarten und wie Ihr Produkt letztendlich aussehen soll.<\/p>\n<p>[\/et_pb_toggle][et_pb_toggle title=&#8220;Schritt 3: Druck + postprocessing&#8220; _builder_version=&#8220;4.14.1&#8243; title_font=&#8220;||||||||&#8220; background_color=&#8220;#f1f1f1&#8243; custom_margin=&#8220;||8px|&#8220; custom_padding=&#8220;16px||16px||true&#8220; border_width_all=&#8220;0px&#8220; locked=&#8220;off&#8220; global_colors_info=&#8220;{}&#8220;]<\/p>\n<p>Nach der Bezahlung beginnen wir mit der Umsetzung des Projekts. Wir drucken das Produkt und fertigen es gem\u00e4\u00df den Vereinbarungen. <\/p>\n<p>[\/et_pb_toggle][et_pb_toggle title=&#8220;Schritt 4: Qualit\u00e4tskontrolle &#038; Schnelle Lieferung&#8220; _builder_version=&#8220;4.14.1&#8243; title_font=&#8220;||||||||&#8220; background_color=&#8220;#f1f1f1&#8243; custom_margin=&#8220;||8px|&#8220; custom_padding=&#8220;16px||16px||true&#8220; border_width_all=&#8220;0px&#8220; locked=&#8220;off&#8220; global_colors_info=&#8220;{}&#8220;]<\/p>\n<p>Wir haben den Produktionsprozess so gestaltet, dass nach jeder Phase eine Qualit\u00e4tskontrolle durchgef\u00fchrt wird. Dadurch minimieren wir das Fehlerrisiko.<br \/>Das fertige Produkt wird noch am selben Tag verpackt und versandt. <\/p>\n<p>[\/et_pb_toggle][\/et_pb_column][\/et_pb_row][et_pb_row column_structure=&#8220;1_2,1_2&#8243; _builder_version=&#8220;3.25&#8243; locked=&#8220;off&#8220; global_colors_info=&#8220;{}&#8220;][et_pb_column type=&#8220;1_2&#8243; _builder_version=&#8220;3.25&#8243; custom_padding=&#8220;|||&#8220; global_colors_info=&#8220;{}&#8220; custom_padding__hover=&#8220;|||&#8220;][et_pb_text module_id=&#8220;Projekt-CAD&#8220; _builder_version=&#8220;4.14.1&#8243; text_font=&#8220;Open Sans||||||||&#8220; text_font_size=&#8220;16px&#8220; text_line_height=&#8220;1.8em&#8220; header_font=&#8220;||||||||&#8220; header_2_font=&#8220;||||||||&#8220; header_3_font=&#8220;|700|||||||&#8220; header_3_font_size=&#8220;30px&#8220; header_3_line_height=&#8220;2em&#8220; custom_margin=&#8220;65px||||false|false&#8220; hover_enabled=&#8220;0&#8243; locked=&#8220;off&#8220; global_colors_info=&#8220;{}&#8220; sticky_enabled=&#8220;0&#8243;]<\/p>\n<h3>CAD-Konstruktion<\/h3>\n<p>Wir erstellen professionelle Visualisierungen auf der Grundlage der gelieferten 3D-Modelle, die sich hervorragend eignen f\u00fcr:<\/p>\n<ul>\n<li>Werbematerialien<\/li>\n<li>Alternative zu Fotos von fertigen Produkten<\/li>\n<li>Pr\u00e4sentation von Prototypen in der Konzeptphase<\/li>\n<\/ul>\n<p>Durch den Einsatz von Texturen, pr\u00e4ziser Beleuchtung und hochwertigen Grafiken gewinnen Ihre Projekte an Attraktivit\u00e4t und \u00dcbersichtlichkeit.<\/p>\n<p>[\/et_pb_text][\/et_pb_column][et_pb_column type=&#8220;1_2&#8243; _builder_version=&#8220;3.25&#8243; custom_padding=&#8220;|||&#8220; global_colors_info=&#8220;{}&#8220; custom_padding__hover=&#8220;|||&#8220;][et_pb_image src=&#8220;https:\/\/manufaktura8.pl\/wp-content\/uploads\/2024\/12\/IMG_9522-e1735549110221.jpg&#8220; title_text=&#8220;IMG_9522&#8243; align_tablet=&#8220;center&#8220; align_phone=&#8220;center&#8220; align_last_edited=&#8220;on|desktop&#8220; _builder_version=&#8220;4.14.1&#8243; custom_margin=&#8220;25px||25px||true|false&#8220; locked=&#8220;off&#8220; global_colors_info=&#8220;{}&#8220;][\/et_pb_image][\/et_pb_column][\/et_pb_row][et_pb_row column_structure=&#8220;1_2,1_2&#8243; _builder_version=&#8220;4.14.1&#8243; global_colors_info=&#8220;{}&#8220;][et_pb_column type=&#8220;1_2&#8243; _builder_version=&#8220;3.25&#8243; custom_padding=&#8220;|||&#8220; global_colors_info=&#8220;{}&#8220; custom_padding__hover=&#8220;|||&#8220;][et_pb_gallery gallery_ids=&#8220;2055,2056,2057,2058,2059,2060&#8243; gallery_orderby=&#8220;rand&#8220; posts_number=&#8220;6&#8243; show_title_and_caption=&#8220;off&#8220; _builder_version=&#8220;4.14.1&#8243; _module_preset=&#8220;default&#8220; global_colors_info=&#8220;{}&#8220;][\/et_pb_gallery][\/et_pb_column][et_pb_column type=&#8220;1_2&#8243; _builder_version=&#8220;3.25&#8243; custom_padding=&#8220;|||&#8220; global_colors_info=&#8220;{}&#8220; custom_padding__hover=&#8220;|||&#8220;][et_pb_text module_id=&#8220;Render&#8220; _builder_version=&#8220;4.14.1&#8243; text_font=&#8220;Open Sans||||||||&#8220; text_font_size=&#8220;16px&#8220; text_line_height=&#8220;1.8em&#8220; header_font=&#8220;||||||||&#8220; header_2_font=&#8220;||||||||&#8220; header_3_font=&#8220;|700|||||||&#8220; header_3_font_size=&#8220;30px&#8220; header_3_line_height=&#8220;2em&#8220; custom_margin=&#8220;15px||||false|false&#8220; global_colors_info=&#8220;{}&#8220;]<\/p>\n<h3>Produkt-Rendering<\/h3>\n<p>Wir erstellen professionelle Visualisierungen auf der Grundlage der gelieferten 3D-Modelle, die sich hervorragend eignen f\u00fcr:<\/p>\n<ul>\n<li>Werbematerialien<\/li>\n<li>Alternative zu Fotos von fertigen Produkten<\/li>\n<li>Pr\u00e4sentation von Prototypen in der Konzeptphase<\/li>\n<\/ul>\n<p>Durch den Einsatz von Texturen, pr\u00e4ziser Beleuchtung und hochwertigen Grafiken gewinnen Ihre Projekte an Attraktivit\u00e4t und \u00dcbersichtlichkeit. <\/p>\n<p>Hochwertige Renderings helfen Ihnen bei der schnellen Markteinf\u00fchrung Ihres Produkts \u2013 im Online-Shop oder auf beliebten Marktpl\u00e4tzen wie Amazon.<\/p>\n<p>&nbsp;<\/p>\n<p>[\/et_pb_text][\/et_pb_column][\/et_pb_row][\/et_pb_section][et_pb_section fb_built=&#8220;1&#8243; custom_padding_last_edited=&#8220;off|desktop&#8220; admin_label=&#8220;Footer&#8220; _builder_version=&#8220;4.14.1&#8243; background_color=&#8220;#023047&#8243; use_background_color_gradient=&#8220;on&#8220; background_color_gradient_start=&#8220;rgba(0,72,114,0.8)&#8220; background_color_gradient_end=&#8220;#023047&#8243; background_color_gradient_direction=&#8220;175deg&#8220; background_color_gradient_end_position=&#8220;77%&#8220; background_color_gradient_overlays_image=&#8220;on&#8220; background_image=&#8220;https:\/\/manufaktura8.pl\/wp-content\/uploads\/2023\/11\/pexels-fox-15686999-scaled-e1699800591314.jpg&#8220; background_enable_image=&#8220;off&#8220; custom_margin=&#8220;|||&#8220; custom_padding=&#8220;50px|0px|50px|0px|true|false&#8220; custom_padding_tablet=&#8220;10vw||10vw||true&#8220; custom_padding_phone=&#8220;5vw||5vw||true&#8220; da_disable_devices=&#8220;off|off|off&#8220; saved_tabs=&#8220;all&#8220; locked=&#8220;off&#8220; global_colors_info=&#8220;{}&#8220; da_is_popup=&#8220;off&#8220; da_exit_intent=&#8220;off&#8220; da_has_close=&#8220;on&#8220; da_alt_close=&#8220;off&#8220; da_dark_close=&#8220;off&#8220; da_not_modal=&#8220;on&#8220; da_is_singular=&#8220;off&#8220; da_with_loader=&#8220;off&#8220; da_has_shadow=&#8220;on&#8220;][et_pb_row _builder_version=&#8220;4.14.1&#8243; _module_preset=&#8220;default&#8220; global_colors_info=&#8220;{}&#8220;][et_pb_column type=&#8220;4_4&#8243; _builder_version=&#8220;4.14.1&#8243; _module_preset=&#8220;default&#8220; global_colors_info=&#8220;{}&#8220;][et_pb_text _builder_version=&#8220;4.14.1&#8243; _module_preset=&#8220;default&#8220; text_font=&#8220;|||on|||||&#8220; text_font_size=&#8220;17px&#8220; header_2_font=&#8220;|700||on|||||&#8220; header_2_font_size=&#8220;30px&#8220; background_layout=&#8220;dark&#8220; global_colors_info=&#8220;{}&#8220;]<\/p>\n<h2 class=\"et_pb_contact_main_title et-fb-editable-element et-fb-editable-element__editing\" data-shortcode-id=\"7.0.0.0-1735567513072\" data-quickaccess-id=\"title\" contenteditable=\"true\" style=\"text-align: center;\">Erhalten Sie einen kostenlosen Kostenvoranschlag \u2013 schreiben Sie uns!<\/h2>\n<p>[\/et_pb_text][et_pb_button button_url=&#8220;https:\/\/manufaktura8.pl\/de\/bewertung-der-dienstleistung&#8220; button_text=&#8220;Schreiben Sie uns&#8220; button_alignment=&#8220;right&#8220; _builder_version=&#8220;4.14.1&#8243; _module_preset=&#8220;default&#8220; custom_button=&#8220;on&#8220; button_text_size=&#8220;17px&#8220; button_bg_color=&#8220;#00D2D6&#8243; button_border_width=&#8220;3px&#8220; button_border_color=&#8220;#00D2D6&#8243; button_border_radius=&#8220;4px&#8220; button_letter_spacing=&#8220;2px&#8220; button_font=&#8220;|600||on|||||&#8220; button_use_icon=&#8220;off&#8220; background_layout=&#8220;dark&#8220; global_colors_info=&#8220;{}&#8220; button_bg_color__hover_enabled=&#8220;on|hover&#8220; button_bg_color__hover=&#8220;#023047&#8243; button_bg_enable_color__hover=&#8220;on&#8220; button_border_width__hover_enabled=&#8220;on|desktop&#8220; button_letter_spacing__hover_enabled=&#8220;on|hover&#8220; button_letter_spacing__hover=&#8220;3px&#8220; button_border_color__hover_enabled=&#8220;on|hover&#8220; button_border_color__hover=&#8220;#00D2D6&#8243; button_border_width__hover=&#8220;3px&#8220;][\/et_pb_button][\/et_pb_column][\/et_pb_row][\/et_pb_section]<\/p>\n","protected":false},"excerpt":{"rendered":"<p>3D-Design und 3D-Scannen Wir unterst\u00fctzen Unternehmen in jeder Phase der Umsetzung von 3D-Projekten \u2013 vom ersten Entwurf oder dem Scannen des gelieferten Elements bis hin zur endg\u00fcltigen, druckfertigen Version. Wir scannen mit hochwertigen 3D-Scannern: Keyence VL-700 CMM, Artec Leo und Artec Spider. Unser Leistungsspektrum umfasst: Modellierung von Grund auf 3D-Scannen und Reverse Engineering Anpassung von [&hellip;]<\/p>\n","protected":false},"author":1,"featured_media":0,"parent":0,"menu_order":0,"comment_status":"closed","ping_status":"closed","template":"","meta":{"_et_pb_use_builder":"on","_et_pb_old_content":"","_et_gb_content_width":"","footnotes":""},"class_list":["post-2063","page","type-page","status-publish","hentry"],"yoast_head":"<!-- This site is optimized with the Yoast SEO plugin v24.0 - https:\/\/yoast.com\/wordpress\/plugins\/seo\/ -->\n<title>Ingenieurdienstleistungen - manufaktura 8<\/title>\n<meta name=\"robots\" content=\"index, follow, max-snippet:-1, max-image-preview:large, max-video-preview:-1\" \/>\n<link rel=\"canonical\" href=\"https:\/\/manufaktura8.pl\/de\/ingenieurdienstleistungen\/\" \/>\n<meta property=\"og:locale\" content=\"de_DE\" \/>\n<meta property=\"og:type\" content=\"article\" \/>\n<meta property=\"og:title\" content=\"Ingenieurdienstleistungen - manufaktura 8\" \/>\n<meta property=\"og:description\" content=\"3D-Design und 3D-Scannen Wir unterst\u00fctzen Unternehmen in jeder Phase der Umsetzung von 3D-Projekten \u2013 vom ersten Entwurf oder dem Scannen des gelieferten Elements bis hin zur endg\u00fcltigen, druckfertigen Version. Wir scannen mit hochwertigen 3D-Scannern: Keyence VL-700 CMM, Artec Leo und Artec Spider. Unser Leistungsspektrum umfasst: Modellierung von Grund auf 3D-Scannen und Reverse Engineering Anpassung von [&hellip;]\" \/>\n<meta property=\"og:url\" content=\"https:\/\/manufaktura8.pl\/de\/ingenieurdienstleistungen\/\" \/>\n<meta property=\"og:site_name\" content=\"manufaktura 8\" \/>\n<meta property=\"article:modified_time\" content=\"2026-02-26T16:13:57+00:00\" \/>\n<meta name=\"twitter:card\" content=\"summary_large_image\" \/>\n<meta name=\"twitter:label1\" content=\"Gesch\u00e4tzte Lesezeit\" \/>\n\t<meta name=\"twitter:data1\" content=\"10\u00a0Minuten\" \/>\n<script type=\"application\/ld+json\" class=\"yoast-schema-graph\">{\"@context\":\"https:\/\/schema.org\",\"@graph\":[{\"@type\":\"WebPage\",\"@id\":\"https:\/\/manufaktura8.pl\/de\/ingenieurdienstleistungen\/\",\"url\":\"https:\/\/manufaktura8.pl\/de\/ingenieurdienstleistungen\/\",\"name\":\"Ingenieurdienstleistungen - manufaktura 8\",\"isPartOf\":{\"@id\":\"https:\/\/manufaktura8.pl\/de\/#website\"},\"datePublished\":\"2024-12-17T22:03:10+00:00\",\"dateModified\":\"2026-02-26T16:13:57+00:00\",\"breadcrumb\":{\"@id\":\"https:\/\/manufaktura8.pl\/de\/ingenieurdienstleistungen\/#breadcrumb\"},\"inLanguage\":\"de\",\"potentialAction\":[{\"@type\":\"ReadAction\",\"target\":[\"https:\/\/manufaktura8.pl\/de\/ingenieurdienstleistungen\/\"]}]},{\"@type\":\"BreadcrumbList\",\"@id\":\"https:\/\/manufaktura8.pl\/de\/ingenieurdienstleistungen\/#breadcrumb\",\"itemListElement\":[{\"@type\":\"ListItem\",\"position\":1,\"name\":\"Strona g\u0142\u00f3wna\",\"item\":\"https:\/\/manufaktura8.pl\/de\/\"},{\"@type\":\"ListItem\",\"position\":2,\"name\":\"Ingenieurdienstleistungen\"}]},{\"@type\":\"WebSite\",\"@id\":\"https:\/\/manufaktura8.pl\/de\/#website\",\"url\":\"https:\/\/manufaktura8.pl\/de\/\",\"name\":\"manufaktura 8\",\"description\":\"Us\u0142ugi: in\u017cynieria odwrotna i druk 3D w Polsce\",\"potentialAction\":[{\"@type\":\"SearchAction\",\"target\":{\"@type\":\"EntryPoint\",\"urlTemplate\":\"https:\/\/manufaktura8.pl\/de\/?s={search_term_string}\"},\"query-input\":{\"@type\":\"PropertyValueSpecification\",\"valueRequired\":true,\"valueName\":\"search_term_string\"}}],\"inLanguage\":\"de\"}]}<\/script>\n<!-- \/ Yoast SEO plugin. -->","yoast_head_json":{"title":"Ingenieurdienstleistungen - manufaktura 8","robots":{"index":"index","follow":"follow","max-snippet":"max-snippet:-1","max-image-preview":"max-image-preview:large","max-video-preview":"max-video-preview:-1"},"canonical":"https:\/\/manufaktura8.pl\/de\/ingenieurdienstleistungen\/","og_locale":"de_DE","og_type":"article","og_title":"Ingenieurdienstleistungen - manufaktura 8","og_description":"3D-Design und 3D-Scannen Wir unterst\u00fctzen Unternehmen in jeder Phase der Umsetzung von 3D-Projekten \u2013 vom ersten Entwurf oder dem Scannen des gelieferten Elements bis hin zur endg\u00fcltigen, druckfertigen Version. Wir scannen mit hochwertigen 3D-Scannern: Keyence VL-700 CMM, Artec Leo und Artec Spider. Unser Leistungsspektrum umfasst: Modellierung von Grund auf 3D-Scannen und Reverse Engineering Anpassung von [&hellip;]","og_url":"https:\/\/manufaktura8.pl\/de\/ingenieurdienstleistungen\/","og_site_name":"manufaktura 8","article_modified_time":"2026-02-26T16:13:57+00:00","twitter_card":"summary_large_image","twitter_misc":{"Gesch\u00e4tzte Lesezeit":"10\u00a0Minuten"},"schema":{"@context":"https:\/\/schema.org","@graph":[{"@type":"WebPage","@id":"https:\/\/manufaktura8.pl\/de\/ingenieurdienstleistungen\/","url":"https:\/\/manufaktura8.pl\/de\/ingenieurdienstleistungen\/","name":"Ingenieurdienstleistungen - manufaktura 8","isPartOf":{"@id":"https:\/\/manufaktura8.pl\/de\/#website"},"datePublished":"2024-12-17T22:03:10+00:00","dateModified":"2026-02-26T16:13:57+00:00","breadcrumb":{"@id":"https:\/\/manufaktura8.pl\/de\/ingenieurdienstleistungen\/#breadcrumb"},"inLanguage":"de","potentialAction":[{"@type":"ReadAction","target":["https:\/\/manufaktura8.pl\/de\/ingenieurdienstleistungen\/"]}]},{"@type":"BreadcrumbList","@id":"https:\/\/manufaktura8.pl\/de\/ingenieurdienstleistungen\/#breadcrumb","itemListElement":[{"@type":"ListItem","position":1,"name":"Strona g\u0142\u00f3wna","item":"https:\/\/manufaktura8.pl\/de\/"},{"@type":"ListItem","position":2,"name":"Ingenieurdienstleistungen"}]},{"@type":"WebSite","@id":"https:\/\/manufaktura8.pl\/de\/#website","url":"https:\/\/manufaktura8.pl\/de\/","name":"manufaktura 8","description":"Us\u0142ugi: in\u017cynieria odwrotna i druk 3D w Polsce","potentialAction":[{"@type":"SearchAction","target":{"@type":"EntryPoint","urlTemplate":"https:\/\/manufaktura8.pl\/de\/?s={search_term_string}"},"query-input":{"@type":"PropertyValueSpecification","valueRequired":true,"valueName":"search_term_string"}}],"inLanguage":"de"}]}},"_links":{"self":[{"href":"https:\/\/manufaktura8.pl\/de\/wp-json\/wp\/v2\/pages\/2063","targetHints":{"allow":["GET"]}}],"collection":[{"href":"https:\/\/manufaktura8.pl\/de\/wp-json\/wp\/v2\/pages"}],"about":[{"href":"https:\/\/manufaktura8.pl\/de\/wp-json\/wp\/v2\/types\/page"}],"author":[{"embeddable":true,"href":"https:\/\/manufaktura8.pl\/de\/wp-json\/wp\/v2\/users\/1"}],"replies":[{"embeddable":true,"href":"https:\/\/manufaktura8.pl\/de\/wp-json\/wp\/v2\/comments?post=2063"}],"version-history":[{"count":11,"href":"https:\/\/manufaktura8.pl\/de\/wp-json\/wp\/v2\/pages\/2063\/revisions"}],"predecessor-version":[{"id":2290,"href":"https:\/\/manufaktura8.pl\/de\/wp-json\/wp\/v2\/pages\/2063\/revisions\/2290"}],"wp:attachment":[{"href":"https:\/\/manufaktura8.pl\/de\/wp-json\/wp\/v2\/media?parent=2063"}],"curies":[{"name":"wp","href":"https:\/\/api.w.org\/{rel}","templated":true}]}}